{"id":1518,"date":"2024-08-29T11:36:42","date_gmt":"2024-08-29T11:36:42","guid":{"rendered":"https:\/\/clinicmaster.wprdx.com\/skincare\/?page_id=1518"},"modified":"2025-11-26T13:38:18","modified_gmt":"2025-11-26T12:38:18","slug":"kontakt","status":"publish","type":"page","link":"https:\/\/web-frankfurt.de\/Sani\/kontakt\/","title":{"rendered":"Kontakt"},"content":{"rendered":"\t\t<div data-elementor-type=\"wp-page\" data-elementor-id=\"1518\" class=\"elementor elementor-1518\" data-elementor-post-type=\"page\">\n\t\t\t\t<div class=\"elementor-element elementor-element-eacf85e e-con-full e-flex e-con e-parent\" data-id=\"eacf85e\" data-element_type=\"container\">\n\t\t\t\t<div class=\"elementor-element elementor-element-6ee56e4 elementor-widget elementor-widget-dz-contact-form-3\" data-id=\"6ee56e4\" data-element_type=\"widget\" data-widget_type=\"dz-contact-form-3.default\">\n\t\t\t\t<div class=\"elementor-widget-container\">\n\t\t\t\t\t<div class=\"dz-bnr-inr style-1 overlay-black-middle dz-bnr-inr-md dz-bnr-detail\"  style=\"background-image: url(https:\/\/web-frankfurt.de\/Sani\/wp-content\/uploads\/2025\/05\/Neuropsychologische-bneuropsychologische-beratung-im-alltag-hannover.webp);\" >\r\n\t<div class=\"container\">\r\n\t\t<div class=\"dz-bnr-inr-entry\">\r\n\t\t\t<div class=\"row g-4 align-items-end\">\r\n\t\t\t\t<div class=\"col-xl-7 col-lg-6 pe-xl-5\">\r\n\t\t\t\t\t\t\t\t\t\t\t<h1>Jetzt Kontakt aufnehmen<\/h1>\r\n\t\t\t\t\t\t\t\t\t\t\t\t\r\n\t\t\t\t\t<div class=\"dz-media rounded-lg m-t20\">\r\n\t\t\t\t\t\t<img decoding=\"async\" src=\"https:\/\/web-frankfurt.de\/Sani\/wp-content\/uploads\/2024\/08\/bnr1-1.webp\" alt=\"Image\">\r\n\t\t\t\t\t<\/div>\r\n\t\t\t\t\t\t\t\t\t<\/div>\r\n\t\t\t\t<div class=\"col-xl-5 col-lg-6\">\r\n\t\t\t\t\t<div class=\"form-wrapper style-2 bg-white\">\r\n\t\t\t\t\t\t<div class=\"form-body\">\r\n\t\t\t\t\t\t\t<div class=\"section-head style-1 mb-3\">\r\n\t\t\t\t\t\t\t\t\t\t\t\t\t\t\t\t\t\t\t\r\n\t\t\t\t\t\t\t\t\t<h2 class=\"title fw-semibold m-b0\">Jetzt Kontakt aufnehmen<\/h4>\r\n\t\t\t\t\t\t\t\t\t\t\t\t\t\t\t\t\t\t\t\t\t\t\t\t\t<p class=\"m-b0 text-body\">Ihre Gesundheit beginnt hier.\n\n\n\n<\/p>\r\n\t\t\t\t\t\t\t\t\t\t\t\t\t\t\t\t\r\n\t\t\t\t\t\t\t<\/div>\r\n\t\t\t\t\t\t\t\t\t\t\t\t\t\t\t\r\n\t\t\t\t\t\t\t\t\t\n<div class=\"wpcf7 no-js\" id=\"wpcf7-f1513-o1\" lang=\"en-US\" dir=\"ltr\" data-wpcf7-id=\"1513\">\n<div class=\"screen-reader-response\"><p role=\"status\" aria-live=\"polite\" aria-atomic=\"true\"><\/p> <ul><\/ul><\/div>\n<form action=\"\/Sani\/wp-json\/wp\/v2\/pages\/1518#wpcf7-f1513-o1\" method=\"post\" class=\"wpcf7-form init\" aria-label=\"Contact form\" novalidate=\"novalidate\" data-status=\"init\">\n<fieldset class=\"hidden-fields-container\"><input type=\"hidden\" name=\"_wpcf7\" value=\"1513\" \/><input type=\"hidden\" name=\"_wpcf7_version\" value=\"6.1.4\" \/><input type=\"hidden\" name=\"_wpcf7_locale\" value=\"en_US\" \/><input type=\"hidden\" name=\"_wpcf7_unit_tag\" value=\"wpcf7-f1513-o1\" \/><input type=\"hidden\" name=\"_wpcf7_container_post\" value=\"0\" \/><input type=\"hidden\" name=\"_wpcf7_posted_data_hash\" value=\"\" \/><input type=\"hidden\" name=\"_wpcf7_recaptcha_response\" value=\"\" \/>\n<\/fieldset>\n<div class=\"dzForm\">\n<div class=\"row\">\n<div class=\"col-sm-12 m-b20\">\n<div class=\"floating-underline underline-1 input-icon-left\">\n<span class=\"input-group-text text-primary\"><i class=\"feather icon-user\"><\/i><\/span>\n<input size=\"40\" maxlength=\"400\" class=\"wpcf7-form-control wpcf7-text wpcf7-validates-as-required form-control\" aria-required=\"true\" aria-invalid=\"false\" placeholder=\"Ihr Name\" value=\"\" type=\"text\" name=\"dzFirstName\" \/>\n<\/div>\n<\/div>\n<div class=\"col-sm-12 m-b20\">\n<div class=\"floating-underline underline-1 input-icon-left\">\n<span class=\"input-group-text text-primary\"><i class=\"feather icon-mail\"><\/i><\/span>\n<input size=\"40\" maxlength=\"400\" class=\"wpcf7-form-control wpcf7-email wpcf7-validates-as-required wpcf7-text wpcf7-validates-as-email form-control\" aria-required=\"true\" aria-invalid=\"false\" placeholder=\"Ihre E-Mail-Adresse\" value=\"\" type=\"email\" name=\"dzEmail\" \/>\n<\/div>\n<\/div>\n<div class=\"col-sm-12 m-b20\">\n<div class=\"floating-underline underline-1 input-icon-left\">\n<span class=\"input-group-text text-primary\"><i class=\"feather icon-phone\"><\/i><\/span>\n<input size=\"40\" maxlength=\"400\" class=\"wpcf7-form-control wpcf7-text wpcf7-validates-as-required form-control\" aria-required=\"true\" aria-invalid=\"false\" placeholder=\"Ihre Telefonnummer\" value=\"\" type=\"text\" name=\"dzPhoneNumber\" \/>\n<\/div>\n<\/div>\n<div class=\"col-sm-12 m-b20\">\n<div class=\"floating-underline underline-1\">\n<textarea cols=\"40\" rows=\"5\" maxlength=\"2000\" class=\"wpcf7-form-control wpcf7-textarea wpcf7-validates-as-required form-control\" id=\"inputMessage\" aria-required=\"true\" aria-invalid=\"false\" placeholder=\"Ihre Nachricht\" name=\"dzMessage\"><\/textarea>\n\n<\/div>\n<\/div>\n       <div class=\"col-sm-12 m-b20\">\n\t\t<div class=\"input-group\"><span class=\"wpcf7-form-control wpcf7-acceptance\"><span class=\"wpcf7-list-item\"><label><input type=\"checkbox\" name=\"datenschutz\" value=\"1\" aria-invalid=\"false\" \/><span class=\"wpcf7-list-item-label\">Ich stimme der Verarbeitung meiner Daten gem\u00e4\u00df der Datenschutzerkl\u00e4rung zu. *<\/label><\/span><\/span><\/span><\/div>\n\t<\/div>\n<div class=\"col-sm-12 m-t10\">\n<input class=\"wpcf7-form-control wpcf7-submit has-spinner btn btn-lg btn-primary w-100\" type=\"submit\" value=\"Senden\" \/>\n<\/div>\n<\/div>\n<\/div><div class=\"wpcf7-response-output\" aria-hidden=\"true\"><\/div>\n<\/form>\n<\/div>\n\t\t\t\t\t\t\t\t\r\n\t\t\t\t\t\t\t\t\t\t\t\t\t<\/div>\r\n\t\t\t\t\t<\/div>\r\n\t\t\t\t<\/div>\r\n\t\t\t<\/div>\r\n\t\t<\/div>\r\n\t<\/div>\r\n\t\t<div class=\"vertical-info left\">\r\n\t\t<ul class=\"social-list\">\r\n\t\t\t<li><a target=\"_blank\" href=\"https:\/\/www.facebook.com\/p\/Mojtaba-Kasra-Sani-100073250816627\/\">Facebook<\/a><\/li>\n<li><a target=\"_blank\" href=\"https:\/\/www.linkedin.com\/in\/dr-dr-mojtaba-sani-5a6452230\/\">Linkedin<\/a><\/li>\n<li><a target=\"_blank\" href=\"https:\/\/www.instagram.com\/dr.mojtaba_sani\/\">Instagram<\/a><\/li>\n\t\t<\/ul>\r\n\t<\/div>\r\n\t\t<div class=\"blur1\"><\/div>\r\n\t<div class=\"blur2\"><\/div>\r\n\t\r\n\t \t<div class=\"elip\"><img decoding=\"async\" src=\"https:\/\/web-frankfurt.de\/Sani\/wp-content\/uploads\/2025\/05\/favicon.webp\" alt=\"Image\"><\/div>\r\n\t\t<div class=\"item1\">\r\n\t\t<svg width=\"61\" height=\"61\" viewBox=\"0 0 61 61\" fill=\"none\" xmlns=\"http:\/\/www.w3.org\/2000\/svg\">\r\n\t\t<path d=\"M30.5 0L34.4251 26.5749L61 30.5L34.4251 34.4251L30.5 61L26.5749 34.4251L0 30.5L26.5749 26.5749L30.5 0Z\" fill=\"var(--bs-primary)\"\/>\r\n\t\t<\/svg>\r\n\t<\/div>\r\n\t<div class=\"item2\">\r\n\t\t<svg width=\"102\" height=\"102\" viewBox=\"0 0 102 102\" fill=\"none\" xmlns=\"http:\/\/www.w3.org\/2000\/svg\">\r\n\t\t\t<g filter=\"url(#filter0_d_102_123)\">\r\n\t\t\t<path d=\"M51 40L52.4156 49.5844L62 51L52.4156 52.4156L51 62L49.5844 52.4156L40 51L49.5844 49.5844L51 40Z\" fill=\"var(--bs-primary)\"\/>\r\n\t\t\t<\/g>\r\n\t\t\t<defs>\r\n\t\t\t<filter id=\"filter0_d_102_123\" x=\"0\" y=\"0\" width=\"102\" height=\"102\" filterUnits=\"userSpaceOnUse\" color-interpolation-filters=\"sRGB\">\r\n\t\t\t<feFlood flood-opacity=\"0\" result=\"BackgroundImageFix\"\/>\r\n\t\t\t<feColorMatrix in=\"SourceAlpha\" type=\"matrix\" values=\"0 0 0 0 0 0 0 0 0 0 0 0 0 0 0 0 0 0 127 0\" result=\"hardAlpha\"\/>\r\n\t\t\t<feOffset\/>\r\n\t\t\t<feGaussianBlur stdDeviation=\"20\"\/>\r\n\t\t\t<feComposite in2=\"hardAlpha\" operator=\"out\"\/>\r\n\t\t\t<feColorMatrix type=\"matrix\" values=\"0 0 0 0 0 0 0 0 0 0 0 0 0 0 0 0 0 0 0.1 0\"\/>\r\n\t\t\t<feBlend mode=\"normal\" in2=\"BackgroundImageFix\" result=\"effect1_dropShadow_102_123\"\/>\r\n\t\t\t<feBlend mode=\"normal\" in=\"SourceGraphic\" in2=\"effect1_dropShadow_102_123\" result=\"shape\"\/>\r\n\t\t\t<\/filter>\r\n\t\t\t<\/defs>\r\n\t\t<\/svg>\t\t\t\t\t\r\n\t<\/div>\r\n\t<div class=\"item3\">\r\n\t\t<svg width=\"30\" height=\"30\" viewBox=\"0 0 30 30\" fill=\"var(--bs-primary)\" xmlns=\"http:\/\/www.w3.org\/2000\/svg\">\r\n\t\t\t<path d=\"M15 0L16.9304 13.0696L30 15L16.9304 16.9304L15 30L13.0696 16.9304L0 15L13.0696 13.0696L15 0Z\" fill=\"var(--bs-primary)\"\/>\r\n\t\t<\/svg>\t\t\t\t\t\r\n\t<\/div>\r\n\t<div class=\"bg-half bg-light\"><\/div>\r\n<\/div>\t\t\t\t<\/div>\n\t\t\t\t<\/div>\n\t\t\t\t<\/div>\n\t\t<div class=\"elementor-element elementor-element-e0a0af5 e-con-full e-flex e-con e-parent\" data-id=\"e0a0af5\" data-element_type=\"container\">\n\t\t<div class=\"elementor-element elementor-element-920f249 e-con-full e-flex e-con e-child\" data-id=\"920f249\" data-element_type=\"container\">\n\t\t\t\t<div class=\"elementor-element elementor-element-5c64d85 elementor-widget elementor-widget-dz-contact-box-4\" data-id=\"5c64d85\" data-element_type=\"widget\" data-widget_type=\"dz-contact-box-4.default\">\n\t\t\t\t<div class=\"elementor-widget-container\">\n\t\t\t\t\t<section class=\"content-inner-2 bg-light \">\r\n\t<div class=\"container\">\r\n\t\t<div class=\"row\">\r\n\t\t\t\t\t\t<div class=\"col-lg-3 col-sm-6 m-b30\">\r\n\t\t\t\t<div class=\"icon-bx-wraper style-10 bg-white box-hover\">\r\n\t\t\t\t\t\t\t\t\t\t<div class=\"icon-bx bg-secondary\">\r\n\t\t\t\t\t\t<span class=\"icon-cell\">\r\n\t\t\t\t\t\t\t\t\t\t\t\t\t\t\t<i class=\"dzmaster dzmaster-pin\"><\/i>\r\n\t\t\t\t\t\t\t\t\t\t\t\t\t<\/span>\r\n\t\t\t\t\t<\/div>\r\n\t\t\t\t\t\t\t\t\t\t<div class=\"icon-content\">\r\n\t\t\t\t\t\t\t\t\t\t\t<h5 class=\"dz-title fw-semibold\">Address<\/h5>\r\n\t\t\t\t\t\t\t\t\t\t\t<p>Schierholzstr. 35<br>30655 Hannover<\/p>\r\n\t\t\t\t\t\t\t\t\t\t<\/div>\r\n\t\t\t\t<\/div>\r\n\t\t\t<\/div>\r\n\t\t\t\t\t\t<div class=\"col-lg-3 col-sm-6 m-b30\">\r\n\t\t\t\t<div class=\"icon-bx-wraper style-10 bg-white box-hover\">\r\n\t\t\t\t\t\t\t\t\t\t<div class=\"icon-bx bg-secondary\">\r\n\t\t\t\t\t\t<span class=\"icon-cell\">\r\n\t\t\t\t\t\t\t\t\t\t\t\t\t\t\t<i class=\"la  la-phone\"><\/i>\r\n\t\t\t\t\t\t\t\t\t\t\t\t\t<\/span>\r\n\t\t\t\t\t<\/div>\r\n\t\t\t\t\t\t\t\t\t\t<div class=\"icon-content\">\r\n\t\t\t\t\t\t\t\t\t\t\t<h5 class=\"dz-title fw-semibold\">Telefon:<\/h5>\r\n\t\t\t\t\t\t\t\t\t\t\t<p>0511 98 7550 18 <br> 0176 43 4093 20<\/p>\r\n\t\t\t\t\t\t\t\t\t\t<\/div>\r\n\t\t\t\t<\/div>\r\n\t\t\t<\/div>\r\n\t\t\t\t\t\t<div class=\"col-lg-3 col-sm-6 m-b30\">\r\n\t\t\t\t<div class=\"icon-bx-wraper style-10 bg-white box-hover\">\r\n\t\t\t\t\t\t\t\t\t\t<div class=\"icon-bx bg-secondary\">\r\n\t\t\t\t\t\t<span class=\"icon-cell\">\r\n\t\t\t\t\t\t\t\t\t\t\t\t\t\t\t<i class=\"far fa-envelope\"><\/i>\r\n\t\t\t\t\t\t\t\t\t\t\t\t\t<\/span>\r\n\t\t\t\t\t<\/div>\r\n\t\t\t\t\t\t\t\t\t\t<div class=\"icon-content\">\r\n\t\t\t\t\t\t\t\t\t\t\t<h5 class=\"dz-title fw-semibold\">E-Mail<\/h5>\r\n\t\t\t\t\t\t\t\t\t\t\t<p>info@snsi-hannover.de <\/br> praxis@snsi-hannover.de<\/p>\r\n\t\t\t\t\t\t\t\t\t\t<\/div>\r\n\t\t\t\t<\/div>\r\n\t\t\t<\/div>\r\n\t\t\t\t\t\t<div class=\"col-lg-3 col-sm-6 m-b30\">\r\n\t\t\t\t<div class=\"icon-bx-wraper style-10 bg-white box-hover\">\r\n\t\t\t\t\t\t\t\t\t\t<div class=\"icon-bx bg-secondary\">\r\n\t\t\t\t\t\t<span class=\"icon-cell\">\r\n\t\t\t\t\t\t\t\t\t\t\t\t\t\t\t<i class=\"far fa-clock\"><\/i>\r\n\t\t\t\t\t\t\t\t\t\t\t\t\t<\/span>\r\n\t\t\t\t\t<\/div>\r\n\t\t\t\t\t\t\t\t\t\t<div class=\"icon-content\">\r\n\t\t\t\t\t\t\t\t\t\t\t<h5 class=\"dz-title fw-semibold\">\u00d6ffnungszeiten:<\/h5>\r\n\t\t\t\t\t\t\t\t\t\t\t<p>Mo\u2013Fr: 09:00\u201319:00 Uhr<\/br>Sa-So: Geschlossen<\/p>\r\n\t\t\t\t\t\t\t\t\t\t<\/div>\r\n\t\t\t\t<\/div>\r\n\t\t\t<\/div>\r\n\t\t\t\t\t<\/div>\r\n\t<\/div>\r\n<\/section>\r\n\t\t\t\t<\/div>\n\t\t\t\t<\/div>\n\t\t\t\t<\/div>\n\t\t\t\t<\/div>\n\t\t<div class=\"elementor-element elementor-element-72b7ae0 e-con-full e-flex e-con e-parent\" data-id=\"72b7ae0\" data-element_type=\"container\">\n\t\t\t\t<div class=\"elementor-element elementor-element-792cd5f elementor-widget elementor-widget-dz-appointment\" data-id=\"792cd5f\" data-element_type=\"widget\" data-widget_type=\"dz-appointment.default\">\n\t\t\t\t<div class=\"elementor-widget-container\">\n\t\t\t\t\t<section class=\"content-inner-1 bg-light\">\r\n\t<div class=\"container\">\r\n\t\t<div class=\"content-bx style-10 row g-0\">\r\n\t\t\t\t\t\t<div class=\"col-md-6\">\r\n\t\t\t\t<div class=\"dz-media\">\r\n\t\t\t\t\t<img decoding=\"async\" src=\"https:\/\/web-frankfurt.de\/Sani\/wp-content\/uploads\/2025\/05\/wissenschaft-beratung-koerper-geist-snsihannover.jpg\" alt=\"Image\">\r\n\t\t\t\t<\/div>\r\n\t\t\t<\/div>\r\n\t\t\t\t\t\t<div class=\"col-md-6\">\r\n\t\t\t\t\t\t\t\t\t<h2 class=\"title\">Vereinbaren Sie noch heute Ihr Beratungsgespr\u00e4ch!<\/h2>\r\n\t\t\t\t\t\t\t\t<\/div>\r\n\t\t<\/div>\r\n\t<\/div>\r\n<\/section>\r\n\r\n\t\t\t\t<\/div>\n\t\t\t\t<\/div>\n\t\t\t\t<\/div>\n\t\t<div class=\"elementor-element elementor-element-011ae78 e-con-full e-flex e-con e-parent\" data-id=\"011ae78\" data-element_type=\"container\">\n\t\t\t\t<div class=\"elementor-element elementor-element-c2c9e6c elementor-widget elementor-widget-dz-map\" data-id=\"c2c9e6c\" data-element_type=\"widget\" data-widget_type=\"dz-map.default\">\n\t\t\t\t<div class=\"elementor-widget-container\">\n\t\t\t\t\t\t\t\t\t\t\t\t\r\n\t\t\t\t\t\t\t\t\r\n\t\t\t\t\t\t\r\n\t\t<div class=\"clearfix\">\r\n\t\t\t<div class=\"map-wrapper style-2\">\r\n\t\t\t\t<iframe loading=\"lazy\" \r\n\t\t\t\t\tsrc=\"https:\/\/maps.google.com\/maps?q=Schierholzstr.%2035%2C%2030655%20Hannover%2C%20Deutschland&#038;t=m&#038;z=15&#038;output=embed&#038;iwloc=near\"\r\n\t\t\t\t\ttitle=\"Schierholzstr. 35, 30655 Hannover, Deutschland\"\r\n\t\t\t\t\taria-label=\"Schierholzstr. 35, 30655 Hannover, Deutschland\">\r\n\t\t\t\t<\/iframe>\t\r\n\t\t\t\t<div class=\"container\">\r\n\t\t\t\t\t<div class=\"content-bx style-5 position-absolute\">\r\n\t\t\t\t\t\t<div class=\"content-logo\">\r\n\t\t\t\t\t\t\t<a href=\"https:\/\/web-frankfurt.de\/Sani\/\" class=\"text-logo logo-dark\" title=\"\"><img decoding=\"async\" src=\"http:\/\/site_logo\" alt=\"\" class=\"\" \/><\/a>\t\t\t\t\t\t<\/div>\r\n\t\t\t\t\t\t<div class=\"content-text\">\r\n\t\t\t\t\t\t\t<p class=\"m-b0\">Schierholzstr. 35, 30655 Hannover, Deutschland<\/p>\r\n\t\t\t\t\t\t<\/div>\r\n\t\t\t\t\t\t<div class=\"dz-footer\">\r\n\t\t\t\t\t\t\t<a href=\"https:\/\/www.google.com\/maps\/\" target=\"_blank\" class=\"icon-link-hover-end\">Open Google Map <i class=\"feather icon-arrow-right\"><\/i><\/a>\r\n\t\t\t\t\t\t<\/div>\r\n\t\t\t\t\t<\/div>\r\n\t\t\t\t<\/div>\r\n\t\t\t<\/div>\r\n\t\t<\/div>\r\n\t\t\t\t<\/div>\n\t\t\t\t<\/div>\n\t\t\t\t<\/div>\n\t\t\t\t<\/div>\n\t\t","protected":false},"excerpt":{"rendered":"<p>Jetzt Kontakt aufnehmen Jetzt Kontakt aufnehmen Ihre Gesundheit beginnt hier. Ich stimme der Verarbeitung meiner Daten gem\u00e4\u00df der Datenschutzerkl\u00e4rung zu. * Facebook Linkedin Instagram Address Schierholzstr. 3530655 Hannover Telefon: 0511 98 7550 18 0176 43 4093 20 E-Mail info@snsi-hannover.de praxis@snsi-hannover.de \u00d6ffnungszeiten: Mo\u2013Fr: 09:00\u201319:00 UhrSa-So: Geschlossen Vereinbaren Sie noch heute Ihr Beratungsgespr\u00e4ch! Schierholzstr. 35, 30655 Hannover, <\/p>\n","protected":false},"author":1,"featured_media":0,"parent":0,"menu_order":0,"comment_status":"closed","ping_status":"closed","template":"clinicmaster_template.php","meta":{"footnotes":""},"class_list":["post-1518","page","type-page","status-publish","hentry"],"_links":{"self":[{"href":"https:\/\/web-frankfurt.de\/Sani\/wp-json\/wp\/v2\/pages\/1518","targetHints":{"allow":["GET"]}}],"collection":[{"href":"https:\/\/web-frankfurt.de\/Sani\/wp-json\/wp\/v2\/pages"}],"about":[{"href":"https:\/\/web-frankfurt.de\/Sani\/wp-json\/wp\/v2\/types\/page"}],"author":[{"embeddable":true,"href":"https:\/\/web-frankfurt.de\/Sani\/wp-json\/wp\/v2\/users\/1"}],"replies":[{"embeddable":true,"href":"https:\/\/web-frankfurt.de\/Sani\/wp-json\/wp\/v2\/comments?post=1518"}],"version-history":[{"count":35,"href":"https:\/\/web-frankfurt.de\/Sani\/wp-json\/wp\/v2\/pages\/1518\/revisions"}],"predecessor-version":[{"id":3754,"href":"https:\/\/web-frankfurt.de\/Sani\/wp-json\/wp\/v2\/pages\/1518\/revisions\/3754"}],"wp:attachment":[{"href":"https:\/\/web-frankfurt.de\/Sani\/wp-json\/wp\/v2\/media?parent=1518"}],"curies":[{"name":"wp","href":"https:\/\/api.w.org\/{rel}","templated":true}]}}