{"id":3,"date":"2025-05-10T15:17:34","date_gmt":"2025-05-10T13:17:34","guid":{"rendered":"https:\/\/web-frankfurt.de\/Sani\/?page_id=3"},"modified":"2025-05-27T13:06:18","modified_gmt":"2025-05-27T11:06:18","slug":"datenschutz","status":"publish","type":"page","link":"https:\/\/web-frankfurt.de\/Sani\/datenschutz\/","title":{"rendered":"Datenschutzerkl\u00e4rung"},"content":{"rendered":"\t\t<div data-elementor-type=\"wp-page\" data-elementor-id=\"3\" class=\"elementor elementor-3\" data-elementor-post-type=\"page\">\n\t\t\t\t<div class=\"elementor-element elementor-element-51302d4 e-flex e-con-boxed e-con e-parent\" data-id=\"51302d4\" data-element_type=\"container\">\n\t\t\t\t\t<div class=\"e-con-inner\">\n\t\t\t\t<div class=\"elementor-element elementor-element-d45db66 elementor-widget elementor-widget-text-editor\" data-id=\"d45db66\" data-element_type=\"widget\" data-widget_type=\"text-editor.default\">\n\t\t\t\t<div class=\"elementor-widget-container\">\n\t\t\t\t\t\t\t\t\t\n<h2 class=\"wp-block-heading\">Wer wir sind<\/h2>\n\n<p><strong class=\"privacy-policy-tutorial\">Textvorschlag: <\/strong>Die Adresse unserer Website ist: https:\/\/web-frankfurt.de\/Sani\/.<\/p>\n\n<h2 class=\"wp-block-heading\">Kommentare<\/h2>\n\n<p><strong class=\"privacy-policy-tutorial\">Textvorschlag: <\/strong>Wenn Besucher Kommentare auf der Website schreiben, sammeln wir die Daten, die im Kommentar-Formular angezeigt werden, au\u00dferdem die IP-Adresse des Besuchers und den User-Agent-String (damit wird der Browser identifiziert), um die Erkennung von Spam zu unterst\u00fctzen.<\/p>\n\n<p>Aus deiner E-Mail-Adresse kann eine anonymisierte Zeichenfolge erstellt (auch Hash genannt) und dem Gravatar-Dienst \u00fcbergeben werden, um zu pr\u00fcfen, ob du diesen benutzt. Die Datenschutzerkl\u00e4rung des Gravatar-Dienstes findest du hier: https:\/\/automattic.com\/privacy\/. Nachdem dein Kommentar freigegeben wurde, ist dein Profilbild \u00f6ffentlich im Kontext deines Kommentars sichtbar.<\/p>\n\n<h2 class=\"wp-block-heading\">Medien<\/h2>\n\n<p><strong class=\"privacy-policy-tutorial\">Textvorschlag: <\/strong>Wenn du ein registrierter Benutzer bist und Fotos auf diese Website l\u00e4dst, solltest du vermeiden, Fotos mit einem EXIF-GPS-Standort hochzuladen. Besucher dieser Website k\u00f6nnten Fotos, die auf dieser Website gespeichert sind, herunterladen und deren Standort-Informationen extrahieren.<\/p>\n\n<h2 class=\"wp-block-heading\">Cookies<\/h2>\n\n<p><strong class=\"privacy-policy-tutorial\">Textvorschlag: <\/strong>Wenn du einen Kommentar auf unserer Website schreibst, kann das eine Einwilligung sein, deinen Namen, E-Mail-Adresse und Website in Cookies zu speichern. Dies ist eine Komfortfunktion, damit du nicht, wenn du einen weiteren Kommentar schreibst, all diese Daten erneut eingeben musst. Diese Cookies werden ein Jahr lang gespeichert.<\/p>\n\n<p>Falls du ein Konto hast und dich auf dieser Website anmeldest, werden wir ein tempor\u00e4res Cookie setzen, um festzustellen, ob dein Browser Cookies akzeptiert. Dieses Cookie enth\u00e4lt keine personenbezogenen Daten und wird verworfen, wenn du deinen Browser schlie\u00dft.<\/p>\n\n<p>Wenn du dich anmeldest, werden wir einige Cookies einrichten, um deine Anmeldeinformationen und Anzeigeoptionen zu speichern. Anmelde-Cookies verfallen nach zwei Tagen und Cookies f\u00fcr die Anzeigeoptionen nach einem Jahr. Falls du bei der Anmeldung \u201eAngemeldet bleiben\u201c ausw\u00e4hlst, wird deine Anmeldung zwei Wochen lang aufrechterhalten. Mit der Abmeldung aus deinem Konto werden die Anmelde-Cookies gel\u00f6scht.<\/p>\n\n<p>Wenn du einen Artikel bearbeitest oder ver\u00f6ffentlichst, wird ein zus\u00e4tzlicher Cookie in deinem Browser gespeichert. Dieser Cookie enth\u00e4lt keine personenbezogenen Daten und verweist nur auf die Beitrags-ID des Artikels, den du gerade bearbeitet hast. Der Cookie verf\u00e4llt nach einem Tag.<\/p>\n\n<h2 class=\"wp-block-heading\">Eingebettete Inhalte von anderen Websites<\/h2>\n\n<p><strong class=\"privacy-policy-tutorial\">Textvorschlag: <\/strong>Beitr\u00e4ge auf dieser Website k\u00f6nnen eingebettete Inhalte beinhalten (z.\u00a0B. Videos, Bilder, Beitr\u00e4ge etc.). Eingebettete Inhalte von anderen Websites verhalten sich exakt so, als ob der Besucher die andere Website besucht h\u00e4tte.<\/p>\n\n<p>Diese Websites k\u00f6nnen Daten \u00fcber dich sammeln, Cookies benutzen, zus\u00e4tzliche Tracking-Dienste von Dritten einbetten und deine Interaktion mit diesem eingebetteten Inhalt aufzeichnen, inklusive deiner Interaktion mit dem eingebetteten Inhalt, falls du ein Konto hast und auf dieser Website angemeldet bist.<\/p>\n\n<h2 class=\"wp-block-heading\">Mit wem wir deine Daten teilen<\/h2>\n\n<p><strong class=\"privacy-policy-tutorial\">Textvorschlag: <\/strong>Wenn du eine Zur\u00fccksetzung des Passworts beantragst, wird deine IP-Adresse in der E-Mail zur Zur\u00fccksetzung enthalten sein.<\/p>\n\n<h2 class=\"wp-block-heading\">Wie lange wir deine Daten speichern<\/h2>\n\n<p><strong class=\"privacy-policy-tutorial\">Textvorschlag: <\/strong>Wenn du einen Kommentar schreibst, wird dieser inklusive Metadaten zeitlich unbegrenzt gespeichert. Auf diese Art k\u00f6nnen wir Folgekommentare automatisch erkennen und freigeben, anstatt sie in einer Moderations-Warteschlange festzuhalten.<\/p>\n\n<p>F\u00fcr Benutzer, die sich auf unserer Website registrieren, speichern wir zus\u00e4tzlich die pers\u00f6nlichen Informationen, die sie in ihren Benutzerprofilen angeben. Alle Benutzer k\u00f6nnen jederzeit ihre pers\u00f6nlichen Informationen einsehen, ver\u00e4ndern oder l\u00f6schen (der Benutzername kann nicht ver\u00e4ndert werden). Administratoren der Website k\u00f6nnen diese Informationen ebenfalls einsehen und ver\u00e4ndern.<\/p>\n\n<h2 class=\"wp-block-heading\">Welche Rechte du an deinen Daten hast<\/h2>\n\n<p><strong class=\"privacy-policy-tutorial\">Textvorschlag: <\/strong>Wenn du ein Konto auf dieser Website besitzt oder Kommentare geschrieben hast, kannst du einen Export deiner personenbezogenen Daten bei uns anfordern, inklusive aller Daten, die du uns mitgeteilt hast. Dar\u00fcber hinaus kannst du die L\u00f6schung aller personenbezogenen Daten, die wir von dir gespeichert haben, anfordern. Dies umfasst nicht die Daten, die wir aufgrund administrativer, rechtlicher oder sicherheitsrelevanter Notwendigkeiten aufbewahren m\u00fcssen.<\/p>\n\n<h2 class=\"wp-block-heading\">Wohin deine Daten gesendet werden<\/h2>\n\n<p><strong class=\"privacy-policy-tutorial\">Textvorschlag: <\/strong>Besucher-Kommentare k\u00f6nnten von einem automatisierten Dienst zur Spam-Erkennung untersucht werden.<\/p>\n\n<p>\u00a0<\/p>\t\t\t\t\t\t\t\t<\/div>\n\t\t\t\t<\/div>\n\t\t\t\t<div class=\"elementor-element elementor-element-73aaeca elementor-widget elementor-widget-text-editor\" data-id=\"73aaeca\" data-element_type=\"widget\" data-widget_type=\"text-editor.default\">\n\t\t\t\t<div class=\"elementor-widget-container\">\n\t\t\t\t\t\t\t\t\t\n<h2 class=\"wp-block-heading\"><strong>1. Allgemeine Informationen<\/strong><\/h2>\n<p>\u200fDer Schutz Ihrer pers\u00f6nlichen Daten ist uns wichtig. Nachfolgend finden Sie eine \u00dcbersicht dar\u00fcber, wie wir mit Ihren Daten umgehen, wenn Sie unsere Webseite besuchen.<\/p>\n<h2>\u200f<strong>2. Datenerhebung<\/strong><\/h2>\n<p>\u200fWir erheben keine personenbezogenen Daten, wenn Sie unsere Webseite besuchen, au\u00dfer in den folgenden F\u00e4llen:<br \/>\u200f \u2022 Kontaktinformationen: Wenn Sie sich entscheiden, mit uns Kontakt aufzunehmen, k\u00f6nnen Sie Ihre E-Mail-Adresse und Telefonnummer angeben. Diese werden nur verwendet, um auf Ihre Anfragen zu reagieren und werden nicht dauerhaft gespeichert, es sei denn, Sie nehmen Kontakt mit uns auf.<br \/>\u200f \u2022 IP-Adresse: Beim Besuch der Webseite kann Ihre IP-Adresse aus technischen Gr\u00fcnden vor\u00fcbergehend gespeichert werden, um die Funktionsf\u00e4higkeit der Webseite sicherzustellen. Diese Daten werden jedoch nicht mit einer Identifikation der Person verkn\u00fcpft.<\/p>\n<h2><strong>3. Cookies<\/strong><\/h2>\n<p>\u200fWir verwenden keine Cookies auf unserer Webseite, um Besucher zu verfolgen. Es kann jedoch sein, dass Dritte (z. B. Hosting-Anbieter) Cookies zur Gew\u00e4hrleistung der Funktionalit\u00e4t verwenden.<\/p>\n<h2>\u200f<strong>4. Nutzung der Kontaktinformationen<\/strong><\/h2>\n<p>\u200fAlle personenbezogenen Kontaktinformationen (wie E-Mail oder Telefonnummer), die Sie freiwillig zur Verf\u00fcgung stellen, werden nur dazu verwendet, um auf Ihre Anfrage zu antworten oder mit Ihnen zu kommunizieren.<\/p>\n<h2>\u200f<strong>5. Drittanbieter-Dienste<\/strong><\/h2>\n<p>\u200fWir geben keine Daten an Dritte weiter, es sei denn, dies ist gesetzlich erforderlich. Drittanbieter-Dienste wie Webhosting-Dienste k\u00f6nnen jedoch in ihrem Rahmen technischen Zugriff auf bestimmte Daten (z. B. IP-Adressen) haben.<\/p>\n<h2><strong>6. Ihre Rechte<\/strong><\/h2>\n<p>\u200fSie haben das Recht, Auskunft \u00fcber Ihre Daten zu verlangen, deren Berichtigung zu verlangen oder die L\u00f6schung der Daten zu beantragen. Da wir keine personenbezogenen Daten dauerhaft speichern, ist keine formelle Anfrage zur Datenl\u00f6schung erforderlich. Bei Fragen k\u00f6nnen Sie sich gerne an uns wenden.<\/p>\n<h2><strong>7. Kontaktinformationen<\/strong><\/h2>\n<p>\u200fBei Fragen zum Datenschutz oder zur Aus\u00fcbung Ihrer Rechte k\u00f6nnen Sie uns unter folgender Adresse erreichen:<br \/>\u200fE-Mail: info@snsi-hanover.de<br \/>\u200fTelefon: +49 176 434 093 20<\/p>\n<h2><strong>8. \u00c4nderungen dieser Datenschutzerkl\u00e4rung<\/strong><\/h2>\n<p>\u200fWir behalten uns das Recht vor, diese Datenschutzerkl\u00e4rung bei Bedarf zu aktualisieren, um den gesetzlichen Anforderungen zu entsprechen oder \u00c4nderungen in unseren Praktiken widerzuspiegeln.<\/p>\t\t\t\t\t\t\t\t<\/div>\n\t\t\t\t<\/div>\n\t\t\t\t\t<\/div>\n\t\t\t\t<\/div>\n\t\t\t\t<\/div>\n\t\t","protected":false},"excerpt":{"rendered":"<p>Wer wir sind Textvorschlag: Die Adresse unserer Website ist: https:\/\/web-frankfurt.de\/Sani\/. Kommentare Textvorschlag: Wenn Besucher Kommentare auf der Website schreiben, sammeln wir die Daten, die im Kommentar-Formular angezeigt werden, au\u00dferdem die IP-Adresse des Besuchers und den User-Agent-String (damit wird der Browser identifiziert), um die Erkennung von Spam zu unterst\u00fctzen. Aus deiner E-Mail-Adresse kann eine anonymisierte Zeichenfolge <\/p>\n","protected":false},"author":1,"featured_media":0,"parent":0,"menu_order":0,"comment_status":"closed","ping_status":"closed","template":"","meta":{"footnotes":""},"class_list":["post-3","page","type-page","status-publish","hentry"],"_links":{"self":[{"href":"https:\/\/web-frankfurt.de\/Sani\/wp-json\/wp\/v2\/pages\/3","targetHints":{"allow":["GET"]}}],"collection":[{"href":"https:\/\/web-frankfurt.de\/Sani\/wp-json\/wp\/v2\/pages"}],"about":[{"href":"https:\/\/web-frankfurt.de\/Sani\/wp-json\/wp\/v2\/types\/page"}],"author":[{"embeddable":true,"href":"https:\/\/web-frankfurt.de\/Sani\/wp-json\/wp\/v2\/users\/1"}],"replies":[{"embeddable":true,"href":"https:\/\/web-frankfurt.de\/Sani\/wp-json\/wp\/v2\/comments?post=3"}],"version-history":[{"count":5,"href":"https:\/\/web-frankfurt.de\/Sani\/wp-json\/wp\/v2\/pages\/3\/revisions"}],"predecessor-version":[{"id":3272,"href":"https:\/\/web-frankfurt.de\/Sani\/wp-json\/wp\/v2\/pages\/3\/revisions\/3272"}],"wp:attachment":[{"href":"https:\/\/web-frankfurt.de\/Sani\/wp-json\/wp\/v2\/media?parent=3"}],"curies":[{"name":"wp","href":"https:\/\/api.w.org\/{rel}","templated":true}]}}